{"id":1912,"date":"2021-11-02T15:49:12","date_gmt":"2021-11-02T14:49:12","guid":{"rendered":"https:\/\/dev.inventaire.ch\/duchein\/buro\/equipe\/"},"modified":"2025-10-10T13:36:17","modified_gmt":"2025-10-10T11:36:17","slug":"team","status":"publish","type":"page","link":"https:\/\/www.duchein.ch\/de\/buro\/team\/","title":{"rendered":"team"},"content":{"rendered":"<p>[et_pb_section fb_built=&#8220;1&#8243; _builder_version=&#8220;4.16&#8243; _module_preset=&#8220;default&#8220; custom_margin=&#8220;||||false|false&#8220; custom_padding=&#8220;||0px||false|false&#8220; global_colors_info=&#8220;{}&#8220;][et_pb_row _builder_version=&#8220;4.16&#8243; _module_preset=&#8220;default&#8220; custom_margin=&#8220;||||false|false&#8220; custom_padding=&#8220;||0px||false|false&#8220; global_colors_info=&#8220;{}&#8220;][et_pb_column type=&#8220;4_4&#8243; _builder_version=&#8220;4.16&#8243; _module_preset=&#8220;default&#8220; global_colors_info=&#8220;{}&#8220;][et_pb_text _builder_version=&#8220;4.16&#8243; _module_preset=&#8220;default&#8220; text_font_size=&#8220;15px&#8220; header_2_font=&#8220;|600|||||||&#8220; header_2_text_color=&#8220;gcid-8fddec47-a713-4d10-b006-5bc318290bd1&#8243; header_2_font_size=&#8220;30px&#8220; header_3_font_size=&#8220;20px&#8220; header_3_line_height=&#8220;1.5em&#8220; locked=&#8220;off&#8220; global_colors_info=&#8220;{%22gcid-8fddec47-a713-4d10-b006-5bc318290bd1%22:%91%22header_2_text_color%22%93}&#8220;]<\/p>\n<h2 class=\"p1\"><span class=\"s1\">Das Team<\/span><\/h2>\n<h3>Unsere Mitarbeiter haben als Mission zuzuh\u00f6ren und mitzudenken, um spezifische Kundenanliegen zu erkennen und zu ber\u00fccksichtigen. Bei jedem Auftrag respektieren wir die architektonischen Vorgaben, stehen mit einer praktischen, multi-disziplin\u00e4ren Betrachtungsweise beratend zur Seite, um ein optimales Preis\/Leistungsverh\u00e4ltnis zu erzielen und die Vorgaben an Investitions- und Betriebskosten zu gew\u00e4hrleisten. Sie \u00fcbernehmen ebenso spezifische Aufgaben wie: technische und juristische Expertisen, die sanit\u00e4rtechnische Beratung bei Industriefirmen und EPFL.<\/h3>\n<p>[\/et_pb_text][\/et_pb_column][\/et_pb_row][et_pb_row column_structure=&#8220;1_2,1_2&#8243; _builder_version=&#8220;4.16&#8243; _module_preset=&#8220;default&#8220; custom_padding=&#8220;||15px||false|false&#8220; global_colors_info=&#8220;{}&#8220;][et_pb_column type=&#8220;1_2&#8243; _builder_version=&#8220;4.16&#8243; _module_preset=&#8220;default&#8220; global_colors_info=&#8220;{}&#8220;][et_pb_image src=&#8220;https:\/\/www.duchein.ch\/wp-content\/uploads\/2023\/07\/photo-plan-CP2-nb.png&#8220; title_text=&#8220;photo CP&#8220; _builder_version=&#8220;4.18.0&#8243; _module_preset=&#8220;default&#8220; background_image=&#8220;https:\/\/www.duchein.ch\/wp-content\/uploads\/2021\/12\/CP-nb-internet-scaled.jpg&#8220; min_height=&#8220;400px&#8220; custom_css_main_element=&#8220;height: 400px;&#8220; global_colors_info=&#8220;{}&#8220;][\/et_pb_image][et_pb_text _builder_version=&#8220;4.16&#8243; _module_preset=&#8220;default&#8220; header_3_text_color=&#8220;gcid-8fddec47-a713-4d10-b006-5bc318290bd1&#8243; header_3_font_size=&#8220;18px&#8220; custom_margin=&#8220;||25px||false|false&#8220; global_colors_info=&#8220;{%22gcid-8fddec47-a713-4d10-b006-5bc318290bd1%22:%91%22header_3_text_color%22%93}&#8220;]<\/p>\n<h3 class=\"p1\">projekt- und bauleiter<\/h3>\n<p>[\/et_pb_text][et_pb_text _builder_version=&#8220;4.16&#8243; _module_preset=&#8220;default&#8220; global_colors_info=&#8220;{}&#8220;]<\/p>\n<p>Unsere Projekt- und Bauleiter \u00fcbernehmen die Konzepte, die technischen Entw\u00fcrfe und t\u00e4tigen Kostensch\u00e4tzungen. Sie setzen ihre St\u00e4rken im gesamten Arbeitsspektrum um, in der Organisation und Planung der Baustelle, der Umsetzung und Kontrolle der Installationen, der Inbetriebnahme sowie der Instruktion und Qualit\u00e4tsdokumentation f\u00fcr den Bauherr. Dabei nutzen sie die F\u00e4higkeiten der Planer, der Lernenden und der Administration, um die Durchf\u00fchrung der anderen technischen und administrativen Aufgaben zu koordinieren. Die langj\u00e4hrige Erfahrung und fundierte Fachkenntnisse erm\u00f6glichen, die Qualit\u00e4t der Arbeiten sowie die Kosten\u00fcberwachung vom ersten Tag an, bis zur Abnahme zu gew\u00e4hrleisten.<\/p>\n<p>[\/et_pb_text][\/et_pb_column][et_pb_column type=&#8220;1_2&#8243; _builder_version=&#8220;4.16&#8243; _module_preset=&#8220;default&#8220; global_colors_info=&#8220;{}&#8220;][et_pb_image title_text=&#8220;PRO nb1&#8243; _builder_version=&#8220;4.16&#8243; _module_preset=&#8220;default&#8220; background_image=&#8220;https:\/\/www.duchein.ch\/wp-content\/uploads\/2022\/02\/PRO-nb1-1.jpg&#8220; min_height=&#8220;400px&#8220; background_last_edited=&#8220;on|desktop&#8220; background_position_phone=&#8220;center_right&#8220; custom_css_main_element=&#8220;height: 400px;&#8220; global_colors_info=&#8220;{}&#8220;][\/et_pb_image][et_pb_text _builder_version=&#8220;4.16&#8243; _module_preset=&#8220;default&#8220; header_3_text_color=&#8220;gcid-8fddec47-a713-4d10-b006-5bc318290bd1&#8243; header_3_font_size=&#8220;18px&#8220; custom_margin=&#8220;||25px||false|false&#8220; global_colors_info=&#8220;{%22gcid-8fddec47-a713-4d10-b006-5bc318290bd1%22:%91%22header_3_text_color%22%93}&#8220;]<\/p>\n<h3 class=\"p1\">planer<\/h3>\n<p>[\/et_pb_text][et_pb_text _builder_version=&#8220;4.16&#8243; _module_preset=&#8220;default&#8220; global_colors_info=&#8220;{}&#8220;]<\/p>\n<p>Unsere Planer sind mehrheitlich Praktiker mit einer Grundausbildung als Monteur und einer Weiterbildung als Geb\u00e4udetechnikplaner. Alle unsere Planer haben ausserdem eine zus\u00e4tzliche Weiterbildung zum BIM-Planer Sanit\u00e4r absolviert.<\/p>\n<p>[\/et_pb_text][\/et_pb_column][\/et_pb_row][et_pb_row column_structure=&#8220;1_2,1_2&#8243; _builder_version=&#8220;4.16&#8243; _module_preset=&#8220;default&#8220; custom_padding=&#8220;||0px|||&#8220; global_colors_info=&#8220;{}&#8220;][et_pb_column type=&#8220;1_2&#8243; _builder_version=&#8220;4.16&#8243; _module_preset=&#8220;default&#8220; global_colors_info=&#8220;{}&#8220;][et_pb_image title_text=&#8220;Arbeitsplatz Lernende&#8220; _builder_version=&#8220;4.27.4&#8243; _module_preset=&#8220;default&#8220; background_image=&#8220;https:\/\/www.duchein.ch\/wp-content\/uploads\/2025\/10\/place-de-PRO.jpg&#8220; min_height=&#8220;400px&#8220; hover_enabled=&#8220;0&#8243; background_last_edited=&#8220;on|phone&#8220; background_position_phone=&#8220;center_right&#8220; custom_css_main_element=&#8220;height: 400px;&#8220; global_colors_info=&#8220;{}&#8220; sticky_enabled=&#8220;0&#8243;][\/et_pb_image][et_pb_text _builder_version=&#8220;4.16&#8243; _module_preset=&#8220;default&#8220; header_3_text_color=&#8220;gcid-8fddec47-a713-4d10-b006-5bc318290bd1&#8243; header_3_font_size=&#8220;18px&#8220; custom_margin=&#8220;||25px||false|false&#8220; global_colors_info=&#8220;{%22gcid-8fddec47-a713-4d10-b006-5bc318290bd1%22:%91%22header_3_text_color%22%93}&#8220;]<\/p>\n<h3 class=\"p1\">lernende<\/h3>\n<p>[\/et_pb_text][et_pb_text _builder_version=&#8220;4.27.0&#8243; _module_preset=&#8220;default&#8220; global_colors_info=&#8220;{}&#8220;]<\/p>\n<p class=\"p1\"><span class=\"s1\">Unsere Lernende Geb\u00e4udetechnikplaner Sanit\u00e4r entwickeln sich in einem dynamischen Umfeld, umgeben von professionellen und erfahrenen Arbeitskollegen. Sie werden durch den Bildungsverantwortlichen sowie einem internen Programm gut betreut, sodass sie sich das n\u00f6tige Wissen optimal aneignen k\u00f6nnen. Sie absolvieren interessante und bereichende Ausbildungsjahre.\u00a0<\/span><\/p>\n<p class=\"p1\"><span class=\"s1\"> Weitere Informationen zur offenen Lehrstelle <a href=\"https:\/\/www.duchein.ch\/de\/stelle\/\">finden Sie unter &#8222;Stelle&#8220;<\/a>. <\/span><\/p>\n<p class=\"p1\">Wir \u00fcbernehmen eine aktive Rolle in der Berufsbildung und haben bis heute viele junge Leute ausgebildet:<\/p>\n<ul class=\"ul1\">\n<li class=\"li2\">40 Lernende Geb\u00e4udetechnikplaner Sanit\u00e4r<\/li>\n<li class=\"li2\">6 eidg. diplomierte Sanit\u00e4rplaner (Meisterpr\u00fcfung)<\/li>\n<li class=\"li2\">3 Techniker mit VKF Kompetenz-Zertifikat<\/li>\n<li class=\"li2\">2 Lernende k\u00e4ufmannische Berufsfachschule<\/li>\n<\/ul>\n<p>[\/et_pb_text][\/et_pb_column][et_pb_column type=&#8220;1_2&#8243; _builder_version=&#8220;4.16&#8243; _module_preset=&#8220;default&#8220; global_colors_info=&#8220;{}&#8220;][et_pb_image title_text=&#8220;Arbeitsplatz Admin&#8220; _builder_version=&#8220;4.27.4&#8243; _module_preset=&#8220;default&#8220; background_image=&#8220;https:\/\/www.duchein.ch\/wp-content\/uploads\/2025\/10\/bureau-ADM-1.jpg&#8220; min_height=&#8220;400px&#8220; hover_enabled=&#8220;0&#8243; background_last_edited=&#8220;on|phone&#8220; background_position_phone=&#8220;center_left&#8220; custom_css_main_element=&#8220;height: 400px;&#8220; global_colors_info=&#8220;{}&#8220; sticky_enabled=&#8220;0&#8243;][\/et_pb_image][et_pb_text _builder_version=&#8220;4.16&#8243; _module_preset=&#8220;default&#8220; header_3_text_color=&#8220;gcid-8fddec47-a713-4d10-b006-5bc318290bd1&#8243; header_3_font_size=&#8220;18px&#8220; custom_margin=&#8220;||25px||false|false&#8220; global_colors_info=&#8220;{%22gcid-8fddec47-a713-4d10-b006-5bc318290bd1%22:%91%22header_3_text_color%22%93}&#8220;]<\/p>\n<h3 class=\"p1\"><span class=\"s1\">administration<\/span><\/h3>\n<p>[\/et_pb_text][et_pb_text _builder_version=&#8220;4.16&#8243; _module_preset=&#8220;default&#8220; global_colors_info=&#8220;{}&#8220;]<\/p>\n<p class=\"p2\">Unser Team der Administration hat eine Drehscheibenfunktion und f\u00fchrt unter anderem das Personalwesen, die Buchhaltung und das Marketing. Durch ihre multifunktionalen Ausbildungen und ihr umfangreiches Wissen, k\u00f6nnen sie unterschiedliche Aufgaben \u00fcbernehmen und das ganze Team ideal unterst\u00fctzen.<\/p>\n<p>[\/et_pb_text][\/et_pb_column][\/et_pb_row][\/et_pb_section][et_pb_section fb_built=&#8220;1&#8243; module_id=&#8220;equipe&#8220; _builder_version=&#8220;4.16&#8243; _module_preset=&#8220;default&#8220; global_colors_info=&#8220;{}&#8220;][et_pb_row _builder_version=&#8220;4.16&#8243; _module_preset=&#8220;default&#8220; global_colors_info=&#8220;{}&#8220;][et_pb_column type=&#8220;4_4&#8243; _builder_version=&#8220;4.16&#8243; _module_preset=&#8220;default&#8220; global_colors_info=&#8220;{}&#8220;][et_pb_button button_url=&#8220;@ET-DC@eyJkeW5hbWljIjp0cnVlLCJjb250ZW50IjoicG9zdF9saW5rX3VybF9wYWdlIiwic2V0dGluZ3MiOnsicG9zdF9pZCI6IjQwOSJ9fQ==@&#8220; button_text=&#8220;Sie m\u00f6chten unserem Team beitreten&#8220; button_alignment=&#8220;center&#8220; _builder_version=&#8220;4.16&#8243; _dynamic_attributes=&#8220;button_url&#8220; _module_preset=&#8220;default&#8220; global_colors_info=&#8220;{}&#8220;][\/et_pb_button][\/et_pb_column][\/et_pb_row][\/et_pb_section]<\/p>\n","protected":false},"excerpt":{"rendered":"<p>Das Team Unsere Mitarbeiter haben als Mission zuzuh\u00f6ren und mitzudenken, um spezifische Kundenanliegen zu erkennen und zu ber\u00fccksichtigen. Bei jedem Auftrag respektieren wir die architektonischen Vorgaben, stehen mit einer praktischen, multi-disziplin\u00e4ren Betrachtungsweise beratend zur Seite, um ein optimales Preis\/Leistungsverh\u00e4ltnis zu erzielen und die Vorgaben an Investitions- und Betriebskosten zu gew\u00e4hrleisten. Sie \u00fcbernehmen ebenso spezifische Aufgaben [&hellip;]<\/p>\n","protected":false},"author":1,"featured_media":0,"parent":1888,"menu_order":0,"comment_status":"closed","ping_status":"closed","template":"","meta":{"_et_pb_use_builder":"on","_et_pb_old_content":"","_et_gb_content_width":"","inline_featured_image":false,"footnotes":""},"class_list":["post-1912","page","type-page","status-publish","hentry"],"jetpack_sharing_enabled":true,"_links":{"self":[{"href":"https:\/\/www.duchein.ch\/de\/wp-json\/wp\/v2\/pages\/1912","targetHints":{"allow":["GET"]}}],"collection":[{"href":"https:\/\/www.duchein.ch\/de\/wp-json\/wp\/v2\/pages"}],"about":[{"href":"https:\/\/www.duchein.ch\/de\/wp-json\/wp\/v2\/types\/page"}],"author":[{"embeddable":true,"href":"https:\/\/www.duchein.ch\/de\/wp-json\/wp\/v2\/users\/1"}],"replies":[{"embeddable":true,"href":"https:\/\/www.duchein.ch\/de\/wp-json\/wp\/v2\/comments?post=1912"}],"version-history":[{"count":19,"href":"https:\/\/www.duchein.ch\/de\/wp-json\/wp\/v2\/pages\/1912\/revisions"}],"predecessor-version":[{"id":3848,"href":"https:\/\/www.duchein.ch\/de\/wp-json\/wp\/v2\/pages\/1912\/revisions\/3848"}],"up":[{"embeddable":true,"href":"https:\/\/www.duchein.ch\/de\/wp-json\/wp\/v2\/pages\/1888"}],"wp:attachment":[{"href":"https:\/\/www.duchein.ch\/de\/wp-json\/wp\/v2\/media?parent=1912"}],"curies":[{"name":"wp","href":"https:\/\/api.w.org\/{rel}","templated":true}]}}