{"id":1888,"date":"2021-10-27T16:18:37","date_gmt":"2021-10-27T14:18:37","guid":{"rendered":"https:\/\/dev.inventaire.ch\/duchein\/bureau\/"},"modified":"2026-01-23T12:05:20","modified_gmt":"2026-01-23T11:05:20","slug":"buro","status":"publish","type":"page","link":"https:\/\/www.duchein.ch\/de\/buro\/","title":{"rendered":"buro"},"content":{"rendered":"<p>[et_pb_section fb_built=&#8220;1&#8243; _builder_version=&#8220;4.16&#8243; _module_preset=&#8220;default&#8220; global_colors_info=&#8220;{}&#8220;][et_pb_row column_structure=&#8220;2_3,1_3&#8243; _builder_version=&#8220;4.16&#8243; _module_preset=&#8220;default&#8220; global_colors_info=&#8220;{}&#8220;][et_pb_column type=&#8220;2_3&#8243; _builder_version=&#8220;4.16&#8243; _module_preset=&#8220;default&#8220; global_colors_info=&#8220;{}&#8220;][et_pb_text _builder_version=&#8220;4.27.5&#8243; _module_preset=&#8220;default&#8220; header_2_font=&#8220;|600|||||||&#8220; header_2_text_color=&#8220;gcid-8fddec47-a713-4d10-b006-5bc318290bd1&#8243; header_2_font_size=&#8220;30px&#8220; width=&#8220;90%&#8220; hover_enabled=&#8220;0&#8243; global_colors_info=&#8220;{%22gcid-8fddec47-a713-4d10-b006-5bc318290bd1%22:%91%22header_2_text_color%22%93}&#8220; sticky_enabled=&#8220;0&#8243;]<\/p>\n<h2 class=\"p1\">Die Spezialisten f\u00fcr die Planung von Sanit\u00e4ranlagen<\/h2>\n<p class=\"p2\">duchein, gegr\u00fcndet 1980, ist ein beratendes Ingenieurb\u00fcro f\u00fcr technische Installationen, mit Schwerpunkt auf Sanit\u00e4ranlagen, Sprinkleranlagen und Schwimmbadtechnik.<\/p>\n<p class=\"p2\">Wir bieten haupts\u00e4chlich umfassende Ingenieurdienstleistungen nach SIA Norm 108 an, von der Machbarkeit des Projektes bis zur Abnahme des Objektes \u00fcber:<\/p>\n<ul class=\"ul1\">\n<li class=\"li3\">Vorprojekt mit Kostensch\u00e4tzung<\/li>\n<li class=\"li3\">Projekt mit Kostenvoranschlag<\/li>\n<li class=\"li3\">Ausschreibungen mit Analyse und Vergleichen<\/li>\n<li class=\"li3\">Ausf\u00fchrungsplanung mit Detailpl\u00e4nen, Prinzip- und Leitungsschemata, Aussparungs- und Einlagepl\u00e4nen.<\/li>\n<li class=\"li3\">Technische Bauleitung<\/li>\n<li class=\"li3\">Abnahme der Anlage<\/li>\n<\/ul>\n<p>Wir \u00fcbernehmen auch spezifische technische Anliegen rund um die Themen Brandschutz, Sprinkleranlagen und Spr\u00fcheinrichtungen, Produktionsanlagen f\u00fcr die Verarbeitung und den Transport von Industrie- und Medizinalgas, die Energier\u00fcckgewinnung aus erneuerbaren Energietr\u00e4gern (Sonne, Regenwasser, Abwasser), Behandlung von Trinkwasser, Industrie- und radioaktivem Abwasser und die Produktion der Salzl\u00f6sung f\u00fcr den Strassenunterhalt.<\/p>\n<p>Unsere flexible Struktur erm\u00f6glicht uns, auf alle speziellen Bed\u00fcrfnisse der Auftraggeber einzugehen und die Dienstleistungen nach Wunsch zu liefern.<\/p>\n<p>BIM (Building Information Modeling): seit Beginn der Entwicklung in der Westschweiz waren wir davon \u00fcberzeugt und haben mehrere Mitarbeiter zum BIM-Planer ausgebildet und k\u00f6nnen somit bereits solide Erfahrungen von mehr als 10 Jahren vorweisen.<\/p>\n<p>Wir koordinieren die HLKSE-Fachdisziplinen, um die Kontrolle der technischen Schnittstellen, die Beseitigung von Konflikten und eine Integration gem\u00e4ss den normativen und betrieblichen Anforderungen sicherzustellen, wobei wir technische, energetische und wirtschaftliche Aspekte ber\u00fccksichtigen.<\/p>\n<p>Wir sind ein Team von deutsch- und franz\u00f6sischsprachigen Mitarbeitenden. Der Hauptsitz befindet sich in Villars-sur-Gl\u00e2ne und Niederlassungen in D\u00fcdingen sowie Kalpetran (VS).<\/p>\n<p>[\/et_pb_text][\/et_pb_column][et_pb_column type=&#8220;1_3&#8243; _builder_version=&#8220;4.16&#8243; _module_preset=&#8220;default&#8220; global_colors_info=&#8220;{}&#8220;][et_pb_text _builder_version=&#8220;4.18.0&#8243; _module_preset=&#8220;default&#8220; header_2_font=&#8220;|300|||||||&#8220; header_2_text_color=&#8220;gcid-8fddec47-a713-4d10-b006-5bc318290bd1&#8243; header_2_font_size=&#8220;30px&#8220; header_4_font=&#8220;|600|||||||&#8220; header_4_text_color=&#8220;gcid-8fddec47-a713-4d10-b006-5bc318290bd1&#8243; header_4_font_size=&#8220;15px&#8220; global_colors_info=&#8220;{%22gcid-8fddec47-a713-4d10-b006-5bc318290bd1%22:%91%22header_2_text_color%22,%22header_4_text_color%22%93}&#8220;]<\/p>\n<h3 class=\"p1\">Zertifizierungen seit 2016<\/h3>\n<h4 class=\"p1\"><span class=\"s1\"><\/span><\/h4>\n<h4 class=\"p1\">ISO 9001 &#8211; Qualit\u00e4tsmanagement<\/h4>\n<p class=\"p2\">duchein bietet hochwertige Dienstleistungen mit ISO 9001-Zertifizierung an. Diese Norm erfordert die Einhaltung von Grunds\u00e4tzen des Qualit\u00e4tsmanagements. Durch die Zertifizierung ISO 9001:2015 wird das Qualit\u00e4tsbewusstsein von duchein noch unterstrichen.<\/p>\n<p class=\"p3\"><span class=\"s1\"><\/span><\/p>\n<h4 class=\"p1\">ISO 14001 &#8211; Umweltmanagement<\/h4>\n<p class=\"p2\">Die internationale Umweltmanagementnorm ISO 14001:2015 legt weltweit anerkannte Anforderungen an ein Umweltmanagementsystem fest. duchein erhielt diese Auszeichnung dank der Umsetzung der Firmenpolitik, die die geltenden Umweltvorschriften respektiert.<\/p>\n<p class=\"p2\"><span class=\"s1\"><\/span><\/p>\n<h4 class=\"p2\">Label Nachhaltiges Unternehmen<\/h4>\n<p class=\"p2\">Die Grundlagen des Labels &#8222;Nachhaltiges Unternehmen&#8220; &#8211; ist die \u00dcberpr\u00fcfung des Managementsystems integrierend der Anforderungen nach ISO 9001 und ISO 14001. Dieses Label wurde duchein verliehen.<\/p>\n<p class=\"p3\"><span class=\"s1\"><\/span><\/p>\n<h4 class=\"p1\">Toplehrbetrieb<\/h4>\n<p class=\"p2\"><span class=\"s1\">Ausbildung ist uns wichtig und duchein ist sehr stolz auf die Zertifizierung \u00ab <a href=\"https:\/\/toplehrstellen.ch\/toplehrbetriebe\/toplehrbetrieb\/?id=758be6e4-3e09-475a-ace5-604db4dc0333\" target=\"_blank\" rel=\"noopener\">Toplehrbetrieb<\/a><a href=\"https:\/\/topapprentissages.ch\/topentreprises\/topentreprises-formatrices\/?id=758be6e4-3e09-475a-ace5-604db4dc0333\"><span class=\"s2\"><\/span><\/a> \u00bb von suissetec. Dieses Label zeichnet Unternehmen aus, die eine qualitativ hochwertige Ausbildung anbietet.<\/span><\/p>\n<p class=\"p3\">[\/et_pb_text][\/et_pb_column][\/et_pb_row][\/et_pb_section][et_pb_section fb_built=&#8220;1&#8243; _builder_version=&#8220;4.16&#8243; _module_preset=&#8220;default&#8220; background_color=&#8220;gcid-8fddec47-a713-4d10-b006-5bc318290bd1&#8243; custom_margin=&#8220;||||false|false&#8220; custom_padding=&#8220;50px||||false|false&#8220; global_colors_info=&#8220;{%22gcid-8fddec47-a713-4d10-b006-5bc318290bd1%22:%91%22background_color%22%93}&#8220;][et_pb_row column_structure=&#8220;1_3,1_3,1_3&#8243; _builder_version=&#8220;4.16&#8243; _module_preset=&#8220;default&#8220; global_colors_info=&#8220;{}&#8220;][et_pb_column type=&#8220;1_3&#8243; _builder_version=&#8220;4.16&#8243; _module_preset=&#8220;default&#8220; global_colors_info=&#8220;{}&#8220;][et_pb_image src=&#8220;https:\/\/www.duchein.ch\/wp-content\/uploads\/\/2021\/11\/philiosophie_2.svg&#8220; title_text=&#8220;philiosophie_2&#8243; _builder_version=&#8220;4.16&#8243; _module_preset=&#8220;default&#8220; width=&#8220;42%&#8220; min_height=&#8220;180px&#8220; global_colors_info=&#8220;{}&#8220;][\/et_pb_image][et_pb_text _builder_version=&#8220;4.16&#8243; _module_preset=&#8220;default&#8220; text_text_color=&#8220;#FFFFFF&#8220; text_font_size=&#8220;15px&#8220; header_2_font=&#8220;|600|||||||&#8220; header_2_text_color=&#8220;#FFFFFF&#8220; header_2_font_size=&#8220;30px&#8220; header_3_text_color=&#8220;#FFFFFF&#8220; header_3_line_height=&#8220;1.2em&#8220; width=&#8220;90%&#8220; custom_margin=&#8220;||12px||false|false&#8220; global_colors_info=&#8220;{}&#8220;]<\/p>\n<h2 class=\"p1\"><span class=\"s1\">Philosophie<\/span><\/h2>\n<h3 class=\"p1\">Eine Unternehmensphilosophie der Motivation und Entfaltungsm\u00f6glichkeiten<\/h3>\n<p>[\/et_pb_text][et_pb_divider color=&#8220;#FFFFFF&#8220; _builder_version=&#8220;4.16&#8243; _module_preset=&#8220;default&#8220; custom_margin=&#8220;||0px||false|false&#8220; custom_padding=&#8220;||||false|false&#8220; global_colors_info=&#8220;{}&#8220;][\/et_pb_divider][et_pb_text _builder_version=&#8220;4.16&#8243; _module_preset=&#8220;default&#8220; text_text_color=&#8220;#FFFFFF&#8220; header_2_font=&#8220;|600|||||||&#8220; header_2_text_color=&#8220;#FFFFFF&#8220; header_2_font_size=&#8220;30px&#8220; header_3_text_color=&#8220;#FFFFFF&#8220; width=&#8220;90%&#8220; global_colors_info=&#8220;{}&#8220;]<\/p>\n<p class=\"p1\">Unser Ingenieurb\u00fcro hat seinen guten Ruf auf einer ganzheitlichen Ansatzweise aufgebaut, die sowohl bei einfachen, wie auch komplexen Projekten jeweils die 3 Phasen: <strong>Konzeption, Umsetzung und Betrieb<\/strong> von Anlagen integriert. Unser Ziel ist es, das Vertrauen des Kunden zu verdienen und einen Beratungsservice, eine technische Unterst\u00fctzung und Betriebs\u00fcberwachung auf lange Sicht zu garantieren. Unsere Mitarbeitenden setzen sich mit ihrem umfangreichen Wissen und ihrer Erfahrung in den Projekten f\u00fcr die Interessen ihrer Kunden ein. Auf Anfrage des Bauherrn, erstellen wir regelm\u00e4ssig einen interdisziplin\u00e4ren HLSE Pool mit Partnerb\u00fcros, die die gleiche Ethik teilen.<\/p>\n<p>[\/et_pb_text][\/et_pb_column][et_pb_column type=&#8220;1_3&#8243; _builder_version=&#8220;4.16&#8243; _module_preset=&#8220;default&#8220; global_colors_info=&#8220;{}&#8220;][et_pb_image src=&#8220;https:\/\/www.duchein.ch\/wp-content\/uploads\/\/2021\/11\/formation_2.svg&#8220; title_text=&#8220;formation_2&#8243; _builder_version=&#8220;4.16&#8243; _module_preset=&#8220;default&#8220; width=&#8220;38%&#8220; min_height=&#8220;180px&#8220; global_colors_info=&#8220;{}&#8220;][\/et_pb_image][et_pb_text _builder_version=&#8220;4.16&#8243; _module_preset=&#8220;default&#8220; text_text_color=&#8220;#FFFFFF&#8220; text_font_size=&#8220;15px&#8220; header_2_font=&#8220;|600|||||||&#8220; header_2_text_color=&#8220;#FFFFFF&#8220; header_2_font_size=&#8220;30px&#8220; header_3_text_color=&#8220;#FFFFFF&#8220; header_3_line_height=&#8220;1.2em&#8220; width=&#8220;90%&#8220; custom_margin=&#8220;||12px||false|false&#8220; global_colors_info=&#8220;{}&#8220;]<\/p>\n<h2 class=\"p1\"><span class=\"s1\">Ausbildung<\/span><\/h2>\n<h3 class=\"p1\">Eine Priorit\u00e4t und eine berufsbezogene Gewissenhaftigkeit<\/h3>\n<p>[\/et_pb_text][et_pb_divider color=&#8220;#FFFFFF&#8220; _builder_version=&#8220;4.16&#8243; _module_preset=&#8220;default&#8220; custom_margin=&#8220;||0px||false|false&#8220; custom_padding=&#8220;||||false|false&#8220; global_colors_info=&#8220;{}&#8220;][\/et_pb_divider][et_pb_text _builder_version=&#8220;4.16&#8243; _module_preset=&#8220;default&#8220; text_text_color=&#8220;#FFFFFF&#8220; header_2_font=&#8220;|600|||||||&#8220; header_2_text_color=&#8220;#FFFFFF&#8220; header_2_font_size=&#8220;30px&#8220; header_3_text_color=&#8220;#FFFFFF&#8220; width=&#8220;90%&#8220; global_colors_info=&#8220;{}&#8220;]<\/p>\n<p class=\"p1\">Die rasante Entwicklung in allen Bereichen der Geb\u00e4udetechnik f\u00fchrt zur Notwendigkeit einer hohen Spezialisierung in den Fachgebieten. In diesem Bewusstsein haben wir uns auf die Fachbereiche Sanit\u00e4ranlagen, Sprinkleranlagen und Schwimmbadtechniken spezialisiert.<\/p>\n<p class=\"p1\">Die Zusatzausbildungen des Inhabers und der Mitarbeiter in einer oder mehreren der 3 Wissensgebieten (Heizung, Sanit\u00e4r, Spenglerei) garantieren den Bauherren und Architekten eine perfekte Koordination mit den jeweiligen anderen beauftragten B\u00fcros.<\/p>\n<p>[\/et_pb_text][\/et_pb_column][et_pb_column type=&#8220;1_3&#8243; _builder_version=&#8220;4.16&#8243; _module_preset=&#8220;default&#8220; global_colors_info=&#8220;{}&#8220;][et_pb_image src=&#8220;https:\/\/www.duchein.ch\/wp-content\/uploads\/\/2021\/11\/inovation.svg&#8220; title_text=&#8220;inovation&#8220; _builder_version=&#8220;4.16&#8243; _module_preset=&#8220;default&#8220; width=&#8220;37%&#8220; min_height=&#8220;180px&#8220; global_colors_info=&#8220;{}&#8220;][\/et_pb_image][et_pb_text _builder_version=&#8220;4.16&#8243; _module_preset=&#8220;default&#8220; text_text_color=&#8220;#FFFFFF&#8220; text_font_size=&#8220;15px&#8220; header_2_font=&#8220;|600|||||||&#8220; header_2_text_color=&#8220;#FFFFFF&#8220; header_2_font_size=&#8220;30px&#8220; header_3_text_color=&#8220;#FFFFFF&#8220; header_3_line_height=&#8220;1.2em&#8220; width=&#8220;90%&#8220; custom_margin=&#8220;||12px||false|false&#8220; global_colors_info=&#8220;{}&#8220;]<\/p>\n<h2 class=\"p1\"><span class=\"s1\">Innovation<\/span><\/h2>\n<h3 class=\"p1\">Eine stete Herausforderung in der t\u00e4glichen Entwicklung<\/h3>\n<p>[\/et_pb_text][et_pb_divider color=&#8220;#FFFFFF&#8220; _builder_version=&#8220;4.16&#8243; _module_preset=&#8220;default&#8220; custom_margin=&#8220;||0px||false|false&#8220; custom_padding=&#8220;||||false|false&#8220; global_colors_info=&#8220;{}&#8220;][\/et_pb_divider][et_pb_text _builder_version=&#8220;4.27.4&#8243; _module_preset=&#8220;default&#8220; text_text_color=&#8220;#FFFFFF&#8220; header_2_font=&#8220;|600|||||||&#8220; header_2_text_color=&#8220;#FFFFFF&#8220; header_2_font_size=&#8220;30px&#8220; header_3_text_color=&#8220;#FFFFFF&#8220; width=&#8220;90%&#8220; global_colors_info=&#8220;{}&#8220;]<\/p>\n<p class=\"p1\">Wir legen grossen Wert auf Innovation, insbesondere auch im Bereich der Nachhaltigkeit. Unser B\u00fcro schl\u00e4gt deshalb unseren Kunden systematisch \u00f6kologische sinnvolle L\u00f6sungen vor, die gezielt auf das jeweilige Projekt und dessen langfristige f\u00fcr Nachhaltigkeit abgestimmt sind. Weitere Innovationen, wie die BIM-Technologie (Building Information Modeling), sind ebenfalls ein zentraler Bestandteil unserer t\u00e4glichen Arbeit.<\/p>\n<p>[\/et_pb_text][\/et_pb_column][\/et_pb_row][\/et_pb_section]<\/p>\n","protected":false},"excerpt":{"rendered":"<p>Die Spezialisten f\u00fcr die Planung von Sanit\u00e4ranlagen duchein, gegr\u00fcndet 1980, ist ein beratendes Ingenieurb\u00fcro f\u00fcr technische Installationen, mit Schwerpunkt auf Sanit\u00e4ranlagen, Sprinkleranlagen und Schwimmbadtechnik. Wir bieten haupts\u00e4chlich umfassende Ingenieurdienstleistungen nach SIA Norm 108 an, von der Machbarkeit des Projektes bis zur Abnahme des Objektes \u00fcber: Vorprojekt mit Kostensch\u00e4tzung Projekt mit Kostenvoranschlag Ausschreibungen mit Analyse und [&hellip;]<\/p>\n","protected":false},"author":1,"featured_media":0,"parent":0,"menu_order":0,"comment_status":"closed","ping_status":"closed","template":"","meta":{"_et_pb_use_builder":"on","_et_pb_old_content":"","_et_gb_content_width":"","inline_featured_image":false,"footnotes":""},"class_list":["post-1888","page","type-page","status-publish","hentry"],"jetpack_sharing_enabled":true,"_links":{"self":[{"href":"https:\/\/www.duchein.ch\/de\/wp-json\/wp\/v2\/pages\/1888","targetHints":{"allow":["GET"]}}],"collection":[{"href":"https:\/\/www.duchein.ch\/de\/wp-json\/wp\/v2\/pages"}],"about":[{"href":"https:\/\/www.duchein.ch\/de\/wp-json\/wp\/v2\/types\/page"}],"author":[{"embeddable":true,"href":"https:\/\/www.duchein.ch\/de\/wp-json\/wp\/v2\/users\/1"}],"replies":[{"embeddable":true,"href":"https:\/\/www.duchein.ch\/de\/wp-json\/wp\/v2\/comments?post=1888"}],"version-history":[{"count":16,"href":"https:\/\/www.duchein.ch\/de\/wp-json\/wp\/v2\/pages\/1888\/revisions"}],"predecessor-version":[{"id":3917,"href":"https:\/\/www.duchein.ch\/de\/wp-json\/wp\/v2\/pages\/1888\/revisions\/3917"}],"wp:attachment":[{"href":"https:\/\/www.duchein.ch\/de\/wp-json\/wp\/v2\/media?parent=1888"}],"curies":[{"name":"wp","href":"https:\/\/api.w.org\/{rel}","templated":true}]}}